{"id":15,"date":"2022-08-15T08:25:16","date_gmt":"2022-08-15T08:25:16","guid":{"rendered":"https:\/\/startersites.io\/blocksy\/renovation\/?page_id=15"},"modified":"2025-01-22T22:31:55","modified_gmt":"2025-01-22T21:31:55","slug":"contact","status":"publish","type":"page","link":"https:\/\/mon-informaticien.fr\/index.php\/contact\/","title":{"rendered":"Nous contacter"},"content":{"rendered":"\n<div class=\"wp-block-stackable-columns stk-block-columns stk-block stk-0d7a6f8\" data-block-id=\"0d7a6f8\"><style>.stk-0d7a6f8 {margin-bottom:0px !important;}.stk-0d7a6f8-column{--stk-column-gap:20px !important;}<\/style><div class=\"stk-row stk-inner-blocks stk-block-content stk-content-align stk-0d7a6f8-column\">\n<div class=\"wp-block-stackable-column stk-block-column stk-column stk-block stk-5edb462\" data-v=\"4\" data-block-id=\"5edb462\"><style>.stk-5edb462-container{margin-top:0px !important;margin-right:0px !important;margin-bottom:0px !important;margin-left:0px !important;}.stk-5edb462 {align-self:center !important;padding-top:30px !important;padding-right:84px !important;padding-bottom:30px !important;margin-right:-94px !important;z-index:2 !important;}@media screen and (min-width: 768px){.stk-5edb462 {flex:var(--stk-flex-grow, 1) 1 calc(55.69999999999999% - var(--stk-column-gap, 0px) * 1 \/ 2 ) !important;}}@media screen and (max-width: 767px){.stk-5edb462 {padding-top:80px !important;padding-bottom:80px !important;}}<\/style><div class=\"stk-column-wrapper stk-block-column__content stk-container stk-5edb462-container stk--no-background stk--no-padding\"><div class=\"stk-block-content stk-inner-blocks stk-5edb462-inner-blocks\">\n<div class=\"wp-block-stackable-heading stk-block-heading stk-block-heading--v2 stk-block stk-8ee82f9\" id=\"we-span-style-color-var-palette-color-1-ff-6310-class-stk-highlight-know-how-span-to-make-span-style-color-var-palette-color-1-ff-6310-class-stk-highlight-a-home-span-better\" data-block-id=\"8ee82f9\"><style>.stk-8ee82f9 {margin-bottom:50px !important;}.stk-8ee82f9 .stk-block-heading__text{font-size:54px !important;}@media screen and (max-width: 1023px){.stk-8ee82f9 {margin-right:-200px !important;margin-bottom:20px !important;}.stk-8ee82f9 .stk-block-heading__text{font-size:30px !important;}}@media screen and (max-width: 767px){.stk-8ee82f9 {margin-right:0px !important;}}<\/style><h2 class=\"stk-block-heading__text has-text-align-center-mobile\">Un <span style=\"color: var(--theme-palette-color-1, #ff6310);\" class=\"stk-highlight\">renseignement<\/span> ?<br>Un <span style=\"color: var(--theme-palette-color-1, #ff6310);\" class=\"stk-highlight\">devis<\/span> ?<\/h2><\/div>\n\n\n\n<p class=\"has-medium-font-size\">Nous nous engageons \u00e0 vous r\u00e9pondre rapidement et \u00e0 vous fournir toute l&#8217;aide n\u00e9cessaire. Votre satisfaction est notre priorit\u00e9 !<\/p>\n<\/div><\/div><\/div>\n\n\n\n<div class=\"wp-block-stackable-column stk-block-column stk-column stk-block stk-dbe9f6a stk-block-background stk--has-background-overlay\" data-v=\"4\" data-block-id=\"dbe9f6a\"><style>.stk-dbe9f6a-container{margin-top:0px !important;margin-right:0px !important;margin-bottom:0px !important;margin-left:0px !important;}.stk-dbe9f6a {background-image:url(http:\/\/lvbnfqh.cluster029.hosting.ovh.net\/wp-content\/uploads\/2022\/08\/contact-hero-image.webp) !important;background-position:top center !important;background-repeat:no-repeat !important;background-size:cover !important;min-height:460px !important;padding-top:0px !important;padding-right:0px !important;padding-bottom:0px !important;padding-left:0px !important;right:-120px !important;}@media screen and (min-width: 768px){.stk-dbe9f6a {flex:var(--stk-flex-grow, 1) 1 calc(44.3% - var(--stk-column-gap, 0px) * 1 \/ 2 ) !important;}}@media screen and (max-width: 1023px){.stk-dbe9f6a {right:-50px !important;}}@media screen and (max-width: 767px){.stk-dbe9f6a {right:0px !important;}}<\/style><div class=\"stk-column-wrapper stk-block-column__content stk-container stk-dbe9f6a-container stk--no-background stk--no-padding\"><div class=\"stk-block-content stk-inner-blocks stk-dbe9f6a-inner-blocks\">\n<figure class=\"wp-block-image size-full is-resized\"><img decoding=\"async\" src=\"https:\/\/mon-informaticien.fr\/wp-content\/uploads\/2025\/01\/Plan-de-travail-3.svg\" alt=\"\" class=\"wp-image-655\" style=\"width:582px;height:auto\"\/><\/figure>\n<\/div><\/div><\/div>\n<\/div><\/div>\n\n\n\n<div class=\"wp-block-stackable-spacer stk-block-spacer stk--no-padding stk-block stk-6081fdb\" data-block-id=\"6081fdb\"><style>.stk-6081fdb {height:29px !important;}@media screen and (max-width: 1023px){.stk-6081fdb {height:80px !important;}}<\/style><\/div>\n\n\n\n<div class=\"wp-block-stackable-text stk-block-text stk-block stk-9b6a928\" id=\"formulaire\" data-block-id=\"9b6a928\"><style>.stk-9b6a928 {margin-bottom:10px !important;}.stk-9b6a928 .stk-block-text__text{font-size:35px !important;color:var(--theme-palette-color-1, #ff6310) !important;font-weight:500 !important;}@media screen and (max-width: 1023px){.stk-9b6a928 .stk-block-text__text{font-size:35px !important;}}<\/style><p class=\"stk-block-text__text has-text-color has-text-align-center\"><strong>Formulaire de contact<\/strong><\/p><\/div>\n\n\n\n<div class=\"wp-block-stackable-columns stk-block-columns stk-block stk-cb54be8\" data-block-id=\"cb54be8\"><style>.stk-cb54be8 {margin-bottom:0px !important;}<\/style><div class=\"stk-row stk-inner-blocks stk-block-content stk-content-align stk-cb54be8-column\">\n<div class=\"wp-block-stackable-column stk-block-column stk-column stk-block stk-8470671 stk-block-background\" data-v=\"4\" data-block-id=\"8470671\"><style>.stk-8470671-container{margin-top:0px !important;margin-right:0px !important;margin-bottom:0px !important;margin-left:0px !important;}.stk-8470671 {background-color:var(--theme-palette-color-6, #e4efed) !important;padding-top:80px !important;padding-right:130px !important;padding-bottom:80px !important;padding-left:130px !important;}.stk-8470671:before{background-color:var(--theme-palette-color-6, #e4efed) !important;}@media screen and (max-width: 1023px){.stk-8470671 {padding-top:80px !important;padding-right:80px !important;padding-bottom:80px !important;padding-left:80px !important;}}@media screen and (max-width: 767px){.stk-8470671 {padding-top:40px !important;padding-right:40px !important;padding-bottom:40px !important;padding-left:40px !important;}}<\/style><div class=\"stk-column-wrapper stk-block-column__content stk-container stk-8470671-container stk--no-background stk--no-padding\"><div class=\"stk-block-content stk-inner-blocks stk-8470671-inner-blocks\"><style id=\"wpforms-css-vars-root\">\n\t\t\t\t:root {\n\t\t\t\t\t--wpforms-field-border-radius: 3px;\n--wpforms-field-border-style: solid;\n--wpforms-field-border-size: 1px;\n--wpforms-field-background-color: #ffffff;\n--wpforms-field-border-color: rgba( 0, 0, 0, 0.25 );\n--wpforms-field-border-color-spare: rgba( 0, 0, 0, 0.25 );\n--wpforms-field-text-color: rgba( 0, 0, 0, 0.7 );\n--wpforms-field-menu-color: #ffffff;\n--wpforms-label-color: rgba( 0, 0, 0, 0.85 );\n--wpforms-label-sublabel-color: rgba( 0, 0, 0, 0.55 );\n--wpforms-label-error-color: #d63637;\n--wpforms-button-border-radius: 3px;\n--wpforms-button-border-style: none;\n--wpforms-button-border-size: 1px;\n--wpforms-button-background-color: #066aab;\n--wpforms-button-border-color: #066aab;\n--wpforms-button-text-color: #ffffff;\n--wpforms-page-break-color: #066aab;\n--wpforms-background-image: none;\n--wpforms-background-position: center center;\n--wpforms-background-repeat: no-repeat;\n--wpforms-background-size: cover;\n--wpforms-background-width: 100px;\n--wpforms-background-height: 100px;\n--wpforms-background-color: rgba( 0, 0, 0, 0 );\n--wpforms-background-url: none;\n--wpforms-container-padding: 0px;\n--wpforms-container-border-style: none;\n--wpforms-container-border-width: 1px;\n--wpforms-container-border-color: #000000;\n--wpforms-container-border-radius: 3px;\n--wpforms-field-size-input-height: 43px;\n--wpforms-field-size-input-spacing: 15px;\n--wpforms-field-size-font-size: 16px;\n--wpforms-field-size-line-height: 19px;\n--wpforms-field-size-padding-h: 14px;\n--wpforms-field-size-checkbox-size: 16px;\n--wpforms-field-size-sublabel-spacing: 5px;\n--wpforms-field-size-icon-size: 1;\n--wpforms-label-size-font-size: 16px;\n--wpforms-label-size-line-height: 19px;\n--wpforms-label-size-sublabel-font-size: 14px;\n--wpforms-label-size-sublabel-line-height: 17px;\n--wpforms-button-size-font-size: 17px;\n--wpforms-button-size-height: 41px;\n--wpforms-button-size-padding-h: 15px;\n--wpforms-button-size-margin-top: 10px;\n--wpforms-container-shadow-size-box-shadow: none;\n\n\t\t\t\t}\n\t\t\t<\/style><div class=\"wpforms-container wpforms-block wpforms-block-301466e6-8544-406f-b92d-9cad83b9bb06 wpforms-render-modern\" id=\"wpforms-400\"><form id=\"wpforms-form-400\" class=\"wpforms-validate wpforms-form wpforms-ajax-form\" data-formid=\"400\" method=\"post\" enctype=\"multipart\/form-data\" action=\"\/index.php\/wp-json\/wp\/v2\/pages\/15\" data-token=\"4d979cea9a3f9ac1b800d80e277192fd\" data-token-time=\"1776652643\"><noscript class=\"wpforms-error-noscript\">Please enable JavaScript in your browser to complete this form.<\/noscript><div class=\"wpforms-hidden\" id=\"wpforms-error-noscript\">Please enable JavaScript in your browser to complete this form.<\/div><div class=\"wpforms-field-container\"><div id=\"wpforms-400-field_0-container\" class=\"wpforms-field wpforms-field-name\" data-field-id=\"0\"><fieldset><legend class=\"wpforms-field-label\">Nom <span class=\"wpforms-required-label\" aria-hidden=\"true\">*<\/span><\/legend><div class=\"wpforms-field-row wpforms-field-large\"><div class=\"wpforms-field-row-block wpforms-first wpforms-one-half\"><input type=\"text\" id=\"wpforms-400-field_0\" class=\"wpforms-field-name-first wpforms-field-required\" name=\"wpforms[fields][0][first]\" aria-errormessage=\"wpforms-400-field_0-error\" required><label for=\"wpforms-400-field_0\" class=\"wpforms-field-sublabel after\">First<\/label><\/div><div class=\"wpforms-field-row-block wpforms-one-half\"><input type=\"text\" id=\"wpforms-400-field_0-last\" class=\"wpforms-field-name-last wpforms-field-required\" name=\"wpforms[fields][0][last]\" aria-errormessage=\"wpforms-400-field_0-last-error\" required><label for=\"wpforms-400-field_0-last\" class=\"wpforms-field-sublabel after\">Last<\/label><\/div><\/div><\/fieldset><\/div><div id=\"wpforms-400-field_1-container\" class=\"wpforms-field wpforms-field-email\" data-field-id=\"1\"><label class=\"wpforms-field-label\" for=\"wpforms-400-field_1\">Email <span class=\"wpforms-required-label\" aria-hidden=\"true\">*<\/span><\/label><input type=\"email\" id=\"wpforms-400-field_1\" class=\"wpforms-field-large wpforms-field-required\" name=\"wpforms[fields][1]\" spellcheck=\"false\" aria-errormessage=\"wpforms-400-field_1-error\" required><\/div><div id=\"wpforms-400-field_2-container\" class=\"wpforms-field wpforms-field-textarea\" data-field-id=\"2\"><label class=\"wpforms-field-label\" for=\"wpforms-400-field_2\">Message<\/label><textarea id=\"wpforms-400-field_2\" class=\"wpforms-field-large\" name=\"wpforms[fields][2]\" aria-errormessage=\"wpforms-400-field_2-error\" ><\/textarea><\/div><\/div><!-- .wpforms-field-container --><div class=\"wpforms-submit-container\" ><input type=\"hidden\" name=\"wpforms[id]\" value=\"400\"><input type=\"hidden\" name=\"page_title\" value=\"\"><input type=\"hidden\" name=\"page_url\" value=\"https:\/\/mon-informaticien.fr\/index.php\/wp-json\/wp\/v2\/pages\/15\"><button type=\"submit\" name=\"wpforms[submit]\" id=\"wpforms-submit-400\" class=\"wpforms-submit\" data-alt-text=\"Envoi en cours...\" data-submit-text=\"Valider\" aria-live=\"assertive\" value=\"wpforms-submit\">Valider<\/button><img loading=\"lazy\" decoding=\"async\" src=\"https:\/\/mon-informaticien.fr\/wp-content\/plugins\/wpforms-lite\/assets\/images\/submit-spin.svg\" class=\"wpforms-submit-spinner\" style=\"display: none;\" width=\"26\" height=\"26\" alt=\"Loading\"><\/div><\/form><\/div>  <!-- .wpforms-container --><\/div><\/div><\/div>\n<\/div><\/div>\n\n\n\n<div class=\"wp-block-stackable-spacer stk-block-spacer stk--no-padding stk-block stk-0dcda1a\" data-block-id=\"0dcda1a\"><style>.stk-0dcda1a {height:80px !important;}@media screen and (max-width: 1023px){.stk-0dcda1a {height:30px !important;}}<\/style><\/div>\n","protected":false},"excerpt":{"rendered":"<p>Un renseignement ?Un devis ? Nous nous engageons \u00e0 vous r\u00e9pondre rapidement et \u00e0 vous fournir toute l&#8217;aide n\u00e9cessaire. Votre satisfaction est notre priorit\u00e9 ! Formulaire de contact<\/p>\n","protected":false},"author":1,"featured_media":0,"parent":0,"menu_order":0,"comment_status":"closed","ping_status":"closed","template":"","meta":{"footnotes":""},"class_list":["post-15","page","type-page","status-publish","hentry"],"blocksy_meta":{"styles_descriptor":{"styles":{"desktop":"","tablet":"","mobile":""},"google_fonts":[],"version":6},"page_title_panel":"","has_hero_section":"disabled","b69d3f455930906fe384ceb626f6c86b":"","hero_section":"type-1","hero_elements":[{"id":"custom_title","enabled":true,"heading_tag":"h1","title":"Home"},{"id":"custom_description","enabled":true,"description_visibility":{"desktop":true,"tablet":true,"mobile":false}},{"id":"custom_meta","enabled":false,"meta_elements":[{"id":"author","enabled":true,"label":"By","has_author_avatar":"yes","avatar_size":25},{"id":"post_date","enabled":true,"label":"On","date_format_source":"default","date_format":"M j, Y"},{"id":"updated_date","enabled":false,"label":"On","date_format_source":"default","date_format":"M j, Y"},{"id":"categories","enabled":false,"label":"In","style":"simple"},{"id":"comments","enabled":true}],"page_meta_elements":{"joined":true,"articles_count":true,"comments":true}},{"id":"breadcrumbs","enabled":false}],"aafa469bca683ea84c544dc8331a781f":"","hero_alignment1":"CT_CSS_SKIP_RULE","hero_margin":40,"hero_alignment2":"center","hero_vertical_alignment":"center","dd3b7105c3502a297881df479d5e3242":"","hero_structure":"narrow","822fd111e4dc9658fb810c493c75148f":"","page_title_bg_type":"featured_image","custom_hero_background":{"attachment_id":null},"page_title_image_size":"full","parallax":{"desktop":false,"tablet":false,"mobile":false},"59e54ce2ea31102df01624e96d5c8911":"","hero_height":"250px","pageTitleFont":{"family":"Default","variation":"Default","size":"30px","line-height":"CT_CSS_SKIP_RULE","letter-spacing":"CT_CSS_SKIP_RULE","text-transform":"CT_CSS_SKIP_RULE","text-decoration":"CT_CSS_SKIP_RULE"},"pageTitleFontColor":{"default":{"color":"CT_CSS_SKIP_RULEDEFAULT"}},"pageMetaFont":{"family":"Default","variation":"n6","size":"12px","line-height":"1.3","letter-spacing":"CT_CSS_SKIP_RULE","text-transform":"uppercase","text-decoration":"CT_CSS_SKIP_RULE"},"pageMetaFontColor":{"default":{"color":"CT_CSS_SKIP_RULEDEFAULT"},"hover":{"color":"CT_CSS_SKIP_RULEDEFAULT"}},"page_meta_button_type_font_colors":{"default":{"color":"CT_CSS_SKIP_RULEDEFAULT"},"hover":{"color":"CT_CSS_SKIP_RULEDEFAULT"}},"page_meta_button_type_background_colors":{"default":{"color":"CT_CSS_SKIP_RULEDEFAULT"},"hover":{"color":"CT_CSS_SKIP_RULEDEFAULT"}},"pageExcerptFont":{"family":"Default","variation":"Default","size":"CT_CSS_SKIP_RULE","line-height":"CT_CSS_SKIP_RULE","letter-spacing":"CT_CSS_SKIP_RULE","text-transform":"CT_CSS_SKIP_RULE","text-decoration":"CT_CSS_SKIP_RULE"},"pageExcerptColor":{"default":{"color":"CT_CSS_SKIP_RULEDEFAULT"}},"breadcrumbsFont":{"family":"Default","variation":"Default","size":"CT_CSS_SKIP_RULE","line-height":"CT_CSS_SKIP_RULE","letter-spacing":"CT_CSS_SKIP_RULE","text-transform":"CT_CSS_SKIP_RULE","text-decoration":"CT_CSS_SKIP_RULE"},"breadcrumbsFontColor":{"default":{"color":"CT_CSS_SKIP_RULEDEFAULT"},"initial":{"color":"CT_CSS_SKIP_RULEDEFAULT"},"hover":{"color":"CT_CSS_SKIP_RULEDEFAULT"}},"pageTitleOverlay":{"background_type":"color","background_pattern":"type-1","background_image":{"attachment_id":null,"x":0,"y":0},"gradient":"linear-gradient(135deg,rgba(6,147,227,1) 0%,rgb(155,81,224) 100%)","background_repeat":"repeat","background_size":"auto","background_attachment":"scroll","patternColor":{"default":{"color":"#e5e7ea"}},"overlayColor":{"default":{"color":"CT_CSS_SKIP_RULE"}},"backgroundColor":{"default":{"color":"CT_CSS_SKIP_RULE"}}},"pageTitleBackground":{"background_type":"color","background_pattern":"type-1","background_image":{"attachment_id":null,"x":0,"y":0},"gradient":"linear-gradient(135deg,rgba(6,147,227,1) 0%,rgb(155,81,224) 100%)","background_repeat":"repeat","background_size":"auto","background_attachment":"scroll","patternColor":{"default":{"color":"#e5e7ea"}},"overlayColor":{"default":{"color":"CT_CSS_SKIP_RULE"}},"backgroundColor":{"default":{"color":"var(--theme-palette-color-6)"}}},"pageTitlePadding":{"top":"50px","bottom":"50px","left":"auto","right":"auto","linked":true},"da078f70f934f1c79a2062971e901545":"","page_structure_type":"default","594536dba050543be66e6a14fab284f5":"","content_style_source":"inherit","content_style":"wide","vertical_spacing_source":"custom","content_area_spacing":"none","background":{"background_type":"color","background_pattern":"type-1","background_image":{"attachment_id":null,"x":0,"y":0},"gradient":"linear-gradient(135deg,rgba(6,147,227,1) 0%,rgb(155,81,224) 100%)","background_repeat":"repeat","background_size":"auto","background_attachment":"scroll","patternColor":{"default":{"color":"#e5e7ea"}},"overlayColor":{"default":{"color":"CT_CSS_SKIP_RULE"}},"backgroundColor":{"default":{"color":"CT_CSS_SKIP_RULE"}}},"content_background":{"background_type":"color","background_pattern":"type-1","background_image":{"attachment_id":null,"x":0,"y":0},"gradient":"linear-gradient(135deg,rgba(6,147,227,1) 0%,rgb(155,81,224) 100%)","background_repeat":"repeat","background_size":"auto","background_attachment":"scroll","patternColor":{"default":{"color":"#e5e7ea"}},"overlayColor":{"default":{"color":"CT_CSS_SKIP_RULE"}},"backgroundColor":{"default":{"color":"var(--theme-palette-color-8)"}}},"content_boxed_shadow":{"inherit":false,"blur":18,"spread":-6,"v_offset":12,"h_offset":0,"inset":false,"enable":true,"color":{"color":"rgba(34, 56, 101, 0.04)"}},"content_boxed_border":{"width":1,"style":"none","color":{"color":"rgba(44,62,80,0.2)"}},"content_boxed_radius":{"top":"3px","bottom":"3px","left":"3px","right":"3px","linked":true},"boxed_content_spacing":{"desktop":{"top":"40px","bottom":"40px","left":"40px","right":"40px","linked":true},"tablet":{"top":"35px","bottom":"35px","left":"35px","right":"35px","linked":true},"mobile":{"top":"20px","bottom":"20px","left":"20px","right":"20px","linked":true}},"a3aa0f7bd36a2dcdd88e1345e748a5c3":"","disable_featured_image":"no","disable_share_box":"no","disable_header":"no","disable_footer":"no"},"_links":{"self":[{"href":"https:\/\/mon-informaticien.fr\/index.php\/wp-json\/wp\/v2\/pages\/15","targetHints":{"allow":["GET"]}}],"collection":[{"href":"https:\/\/mon-informaticien.fr\/index.php\/wp-json\/wp\/v2\/pages"}],"about":[{"href":"https:\/\/mon-informaticien.fr\/index.php\/wp-json\/wp\/v2\/types\/page"}],"author":[{"embeddable":true,"href":"https:\/\/mon-informaticien.fr\/index.php\/wp-json\/wp\/v2\/users\/1"}],"replies":[{"embeddable":true,"href":"https:\/\/mon-informaticien.fr\/index.php\/wp-json\/wp\/v2\/comments?post=15"}],"version-history":[{"count":11,"href":"https:\/\/mon-informaticien.fr\/index.php\/wp-json\/wp\/v2\/pages\/15\/revisions"}],"predecessor-version":[{"id":784,"href":"https:\/\/mon-informaticien.fr\/index.php\/wp-json\/wp\/v2\/pages\/15\/revisions\/784"}],"wp:attachment":[{"href":"https:\/\/mon-informaticien.fr\/index.php\/wp-json\/wp\/v2\/media?parent=15"}],"curies":[{"name":"wp","href":"https:\/\/api.w.org\/{rel}","templated":true}]}}